{"id":2151,"date":"2018-03-13T14:36:28","date_gmt":"2018-03-13T13:36:28","guid":{"rendered":"http:\/\/www.omcs.it\/sitoweb\/prodotto\/transpallet-manuale-bt-a-pantografo-mod-bt-hhm100-hhl100\/"},"modified":"2023-11-16T10:18:52","modified_gmt":"2023-11-16T09:18:52","slug":"transpallet-manuale-bt-a-pantografo-mod-bt-hhm100-hhl100","status":"publish","type":"product","link":"https:\/\/www.omcs.it\/sitoweb\/prodotto\/transpallet-manuale-bt-a-pantografo-mod-bt-hhm100-hhl100\/","title":{"rendered":"Transpallet Manuale BT a Pantografo &#8211; Mod. BT HHM100-HHL100"},"content":{"rendered":"","protected":false},"excerpt":{"rendered":"<h4><strong><u>Ergonomia e stabilit\u00e0<\/u><\/strong><\/h4>\n<h4>Il modello a pantografo, sia manuale che elettrico, \u00e8 dotato, di serie, di staffe anteriori e di stabilizzatori laterali regolabili per una maggiore stabilit\u00e0 anche su pavimentazioni irregolari. Nella versione HHM100 (a sollevamento manuale) il gruppo pompante \u00e8 ad alzata rapida di serie, con passaggio automatico al sollevamento normale in caso di carichi superiori a 250 kg.<br \/>\nNella versione HHL10, a sollevamento elettrico, l\u2019ingombro \u00e8 notevolmente ridotto grazie alla collocazione del motore e della batteria tra il cilindro di sollevamento ed il telaio. Inoltre il pantografo pu\u00f2 essere attivato manualmente in caso di batteria scarica. Il vano della batteria ed i cablaggi sono protetti, mentre il raddrizzatore incorporato \u00e8 dotato di indicatore del livello di carica.<\/h4>\n<p>&nbsp;<\/p>\n<h4><span style=\"color: #ff0000\"><strong><em><a style=\"color: #ff0000\" href=\"http:\/\/www.omcs.it\/sitoweb\/omcs-preventivo\/\">Richiedi un&#8217;offerta<\/a><\/em><\/strong><\/span><\/h4>\n","protected":false},"featured_media":2181,"comment_status":"open","ping_status":"closed","template":"","meta":{"_acf_changed":false},"product_brand":[],"product_cat":[828,829,840,870,59,73],"product_tag":[1995,2010,2642,2718,2719,2720],"class_list":{"0":"post-2151","1":"product","2":"type-product","3":"status-publish","4":"has-post-thumbnail","6":"product_cat-transpallet","7":"product_cat-transpallet-manuali","8":"product_cat-nuovo-transpallet-manuali","9":"product_cat-nuovo-transpalletts-trasportatori","10":"product_cat-nuovo","11":"product_cat-transpalletts-trasportatori","12":"product_tag-bt","13":"product_tag-transpallet","14":"product_tag-transpallet-manuale","15":"product_tag-pantografo","16":"product_tag-hhm100","17":"product_tag-hhl100","19":"first","20":"instock","21":"shipping-taxable","22":"product-type-simple","23":"berocket_lgv_grid","24":"berocket_lgv_list_grid"},"acf":[],"_links":{"self":[{"href":"https:\/\/www.omcs.it\/sitoweb\/wp-json\/wp\/v2\/product\/2151","targetHints":{"allow":["GET"]}}],"collection":[{"href":"https:\/\/www.omcs.it\/sitoweb\/wp-json\/wp\/v2\/product"}],"about":[{"href":"https:\/\/www.omcs.it\/sitoweb\/wp-json\/wp\/v2\/types\/product"}],"replies":[{"embeddable":true,"href":"https:\/\/www.omcs.it\/sitoweb\/wp-json\/wp\/v2\/comments?post=2151"}],"wp:featuredmedia":[{"embeddable":true,"href":"https:\/\/www.omcs.it\/sitoweb\/wp-json\/wp\/v2\/media\/2181"}],"wp:attachment":[{"href":"https:\/\/www.omcs.it\/sitoweb\/wp-json\/wp\/v2\/media?parent=2151"}],"wp:term":[{"taxonomy":"product_brand","embeddable":true,"href":"https:\/\/www.omcs.it\/sitoweb\/wp-json\/wp\/v2\/product_brand?post=2151"},{"taxonomy":"product_cat","embeddable":true,"href":"https:\/\/www.omcs.it\/sitoweb\/wp-json\/wp\/v2\/product_cat?post=2151"},{"taxonomy":"product_tag","embeddable":true,"href":"https:\/\/www.omcs.it\/sitoweb\/wp-json\/wp\/v2\/product_tag?post=2151"}],"curies":[{"name":"wp","href":"https:\/\/api.w.org\/{rel}","templated":true}]}}